{"id":191,"date":"2025-11-27T11:18:37","date_gmt":"2025-11-27T14:18:37","guid":{"rendered":"https:\/\/donboscobariloche.edu.ar\/sitio2025\/?page_id=191"},"modified":"2025-11-27T11:27:56","modified_gmt":"2025-11-27T14:27:56","slug":"quienes-somos","status":"publish","type":"page","link":"https:\/\/donboscobariloche.edu.ar\/sitio2025\/quienes-somos\/","title":{"rendered":"\u00bfQUIENES SOMOS?"},"content":{"rendered":"\n<figure class=\"wp-block-image alignfull size-full\"><a href=\"https:\/\/donboscobariloche.edu.ar\/sitio2025\/wp-content\/uploads\/2025\/11\/2.jpg\"><img loading=\"lazy\" decoding=\"async\" width=\"960\" height=\"278\" src=\"https:\/\/donboscobariloche.edu.ar\/sitio2025\/wp-content\/uploads\/2025\/11\/2-edited.jpg\" alt=\"\" class=\"wp-image-199\" srcset=\"https:\/\/donboscobariloche.edu.ar\/sitio2025\/wp-content\/uploads\/2025\/11\/2-edited.jpg 960w, https:\/\/donboscobariloche.edu.ar\/sitio2025\/wp-content\/uploads\/2025\/11\/2-edited-300x87.jpg 300w, https:\/\/donboscobariloche.edu.ar\/sitio2025\/wp-content\/uploads\/2025\/11\/2-edited-768x222.jpg 768w\" sizes=\"auto, (max-width: 960px) 100vw, 960px\" \/><\/a><\/figure>\n\n\n\n<p>Somos una <strong>Escuela Cat\u00f3lica Salesiana<\/strong>, p\u00fablica de gesti\u00f3n privada, ofrecemos como propuesta educativa los niveles <strong>Inicial (Sala de 4 y 5), Primario y Secundario<\/strong>.<\/p>\n\n\n\n<p>Nuestra identidad se apoya en la convicci\u00f3n de que la <strong>educaci\u00f3n es un proceso de construcci\u00f3n y transformaci\u00f3n de la cultura<\/strong>, entendida como una manera de vivir y habitar el mundo, de relacionarse con la naturaleza, con los dem\u00e1s y con Dios, es decir, una visi\u00f3n trascendente del hombre.<\/p>\n\n\n\n<h3 class=\"wp-block-heading\">Nuestra misi\u00f3n<\/h3>\n\n\n\n<p>Formamos <strong>ni\u00f1os y j\u00f3venes de manera integral<\/strong>, coloc\u00e1ndolos en el centro del proceso educativo, para que sean protagonistas de su vida, creadores, cr\u00edticos y capaces de transformar la sociedad desde los valores del Evangelio, al servicio del bien com\u00fan.<\/p>\n\n\n\n<h3 class=\"wp-block-heading\">El perfil del estudiante Don Bosco<\/h3>\n\n\n\n<p>Queremos acompa\u00f1ar a cada ni\u00f1o y joven en un camino de crecimiento que le permita:<\/p>\n\n\n\n<ul class=\"wp-block-list\">\n<li><strong>Aprender a aprender, a conocer, a descubrir, a hacer, a convivir, a valorar y a ser<\/strong>.<\/li>\n\n\n\n<li>Desarrollar su <strong>autoestima y alegr\u00eda de vivir<\/strong>, aceptando su corporeidad como camino de encuentro con los dem\u00e1s.<\/li>\n\n\n\n<li>Cultivar una <strong>mirada cr\u00edtica<\/strong>, enriquecida con los saberes y competencias necesarias para transformar la realidad social en una m\u00e1s justa y solidaria.<\/li>\n\n\n\n<li><strong>Crecer en libertad y de manera responsable<\/strong>, con iniciativa y creatividad, buscando soluciones a los problemas, desaf\u00edos y conflictos; tomando decisiones coherentes y construyendo v\u00ednculos basados en la amistad, la lealtad y la entrega desinteresada.<\/li>\n\n\n\n<li><strong>Integrarse al mundo del trabajo y continuar aprendiendo toda la vida<\/strong>, con responsabilidad, flexibilidad y compromiso ciudadano.<\/li>\n\n\n\n<li>Ser <strong>serviciales, trabajadores y solidarios<\/strong>, sensibles a las necesidades de los otros, comprometidos con la <strong>justicia, la paz, que asuma la cultura de la vida, respetando y trasformando la naturaleza, cuid\u00e1ndola <\/strong>como patrimonio de las futuras generaciones.<\/li>\n\n\n\n<li>Abrirse al <strong>crecimiento espiritual<\/strong>, viviendo los valores evang\u00e9licos, que se deja guiar por el Esp\u00edritu, vive su fe con compromiso y sentido de pertenencia a la Iglesia, y reconoce a Mar\u00eda como madre y compa\u00f1era de camino.<\/li>\n<\/ul>\n\n\n\n<p>&nbsp;En el esp\u00edritu de Don Bosco, educamos desde el <strong>acompa\u00f1amiento, la cercan\u00eda y la confianza<\/strong>, para que cada ni\u00f1o y joven crezca como buen cristiano y honesto ciudadano.<\/p>\n","protected":false},"excerpt":{"rendered":"<p>Somos una Escuela Cat\u00f3lica Salesiana, p\u00fablica de gesti\u00f3n privada, ofrecemos como propuesta educativa los niveles Inicial (Sala de 4 y 5), Primario y Secundario. Nuestra identidad se apoya en la&#8230;<\/p>\n","protected":false},"author":3,"featured_media":0,"parent":0,"menu_order":0,"comment_status":"closed","ping_status":"closed","template":"","meta":{"_kadence_starter_templates_imported_post":false,"_kad_post_transparent":"","_kad_post_title":"","_kad_post_layout":"","_kad_post_sidebar_id":"","_kad_post_content_style":"","_kad_post_vertical_padding":"","_kad_post_feature":"","_kad_post_feature_position":"","_kad_post_header":false,"_kad_post_footer":false,"_kad_post_classname":"","footnotes":""},"class_list":["post-191","page","type-page","status-publish","hentry"],"_links":{"self":[{"href":"https:\/\/donboscobariloche.edu.ar\/sitio2025\/wp-json\/wp\/v2\/pages\/191","targetHints":{"allow":["GET"]}}],"collection":[{"href":"https:\/\/donboscobariloche.edu.ar\/sitio2025\/wp-json\/wp\/v2\/pages"}],"about":[{"href":"https:\/\/donboscobariloche.edu.ar\/sitio2025\/wp-json\/wp\/v2\/types\/page"}],"author":[{"embeddable":true,"href":"https:\/\/donboscobariloche.edu.ar\/sitio2025\/wp-json\/wp\/v2\/users\/3"}],"replies":[{"embeddable":true,"href":"https:\/\/donboscobariloche.edu.ar\/sitio2025\/wp-json\/wp\/v2\/comments?post=191"}],"version-history":[{"count":4,"href":"https:\/\/donboscobariloche.edu.ar\/sitio2025\/wp-json\/wp\/v2\/pages\/191\/revisions"}],"predecessor-version":[{"id":201,"href":"https:\/\/donboscobariloche.edu.ar\/sitio2025\/wp-json\/wp\/v2\/pages\/191\/revisions\/201"}],"wp:attachment":[{"href":"https:\/\/donboscobariloche.edu.ar\/sitio2025\/wp-json\/wp\/v2\/media?parent=191"}],"curies":[{"name":"wp","href":"https:\/\/api.w.org\/{rel}","templated":true}]}}