{"id":20,"date":"2025-11-13T08:58:38","date_gmt":"2025-11-13T11:58:38","guid":{"rendered":"https:\/\/donboscobariloche.edu.ar\/sitio2025\/?page_id=20"},"modified":"2025-12-10T10:12:51","modified_gmt":"2025-12-10T13:12:51","slug":"secundaria","status":"publish","type":"page","link":"https:\/\/donboscobariloche.edu.ar\/sitio2025\/secundaria\/","title":{"rendered":"NIVEL SECUNDARIO"},"content":{"rendered":"\n<h2 class=\"wp-block-heading\"><strong>Bachiller en Econom\u00eda y Administraci\u00f3n<\/strong><\/h2>\n\n\n\n<p>En el Colegio Don Bosco, el Nivel Secundario tiene como pilar fundamental la <strong>mirada del joven como protagonista de su propio aprendizaje y de la vida escolar<\/strong>. Nuestro objetivo es formar integralmente a adolescentes y j\u00f3venes que:<\/p>\n\n\n\n<ul class=\"wp-block-list\">\n<li>Expresen su alegr\u00eda de vivir y fortalezcan su autoestima.<\/li>\n\n\n\n<li>Desarrollen capacidad cr\u00edtica.<\/li>\n\n\n\n<li>Se enriquezcan con saberes y competencias que les permitan transformar la realidad sociocultural.<\/li>\n\n\n\n<li>Valoren el esfuerzo cotidiano, el orden, la responsabilidad y el compromiso.&nbsp;<\/li>\n\n\n\n<li>Sean solidarios, sensibles a las necesidades de los dem\u00e1s y promotores de la justicia, la paz y el bien com\u00fan.<\/li>\n<\/ul>\n\n\n<style>.kb-row-layout-id20_9ca62d-af > .kt-row-column-wrap{align-content:start;}:where(.kb-row-layout-id20_9ca62d-af > .kt-row-column-wrap) > .wp-block-kadence-column{justify-content:start;}.kb-row-layout-id20_9ca62d-af > .kt-row-column-wrap{column-gap:var(--global-kb-gap-md, 2rem);row-gap:var(--global-kb-gap-md, 2rem);padding-top:var(--global-kb-spacing-sm, 1.5rem);grid-template-columns:repeat(2, minmax(0, 1fr));}.kb-row-layout-id20_9ca62d-af > .kt-row-layout-overlay{opacity:0.30;}@media all and (max-width: 1024px){.kb-row-layout-id20_9ca62d-af > .kt-row-column-wrap{grid-template-columns:repeat(2, minmax(0, 1fr));}}@media all and (max-width: 767px){.kb-row-layout-id20_9ca62d-af > .kt-row-column-wrap{grid-template-columns:minmax(0, 1fr);}}<\/style><div class=\"kb-row-layout-wrap kb-row-layout-id20_9ca62d-af alignnone wp-block-kadence-rowlayout\"><div class=\"kt-row-column-wrap kt-has-2-columns kt-row-layout-equal kt-tab-layout-inherit kt-mobile-layout-row kt-row-valign-top\">\n<style>.kadence-column20_4c179f-c0 > .kt-inside-inner-col{display:flex;}.kadence-column20_4c179f-c0 > .kt-inside-inner-col,.kadence-column20_4c179f-c0 > .kt-inside-inner-col:before{border-top-left-radius:0px;border-top-right-radius:0px;border-bottom-right-radius:0px;border-bottom-left-radius:0px;}.kadence-column20_4c179f-c0 > .kt-inside-inner-col{column-gap:var(--global-kb-gap-sm, 1rem);}.kadence-column20_4c179f-c0 > .kt-inside-inner-col{flex-direction:column;justify-content:center;}.kadence-column20_4c179f-c0 > .kt-inside-inner-col > .aligncenter{width:100%;}.kt-row-column-wrap > .kadence-column20_4c179f-c0{align-self:center;}.kt-inner-column-height-full:not(.kt-has-1-columns) > .wp-block-kadence-column.kadence-column20_4c179f-c0{align-self:auto;}.kt-inner-column-height-full:not(.kt-has-1-columns) > .wp-block-kadence-column.kadence-column20_4c179f-c0 > .kt-inside-inner-col{flex-direction:column;justify-content:center;}.kadence-column20_4c179f-c0 > .kt-inside-inner-col:before{opacity:0.3;}.kadence-column20_4c179f-c0{position:relative;}@media all and (max-width: 1024px){.kt-row-column-wrap > .kadence-column20_4c179f-c0{align-self:center;}}@media all and (max-width: 1024px){.kt-inner-column-height-full:not(.kt-has-1-columns) > .wp-block-kadence-column.kadence-column20_4c179f-c0{align-self:auto;}}@media all and (max-width: 1024px){.kt-inner-column-height-full:not(.kt-has-1-columns) > .wp-block-kadence-column.kadence-column20_4c179f-c0 > .kt-inside-inner-col{flex-direction:column;justify-content:center;}}@media all and (max-width: 1024px){.kadence-column20_4c179f-c0 > .kt-inside-inner-col{flex-direction:column;justify-content:center;}}@media all and (max-width: 767px){.kt-row-column-wrap > .kadence-column20_4c179f-c0{align-self:center;}.kt-inner-column-height-full:not(.kt-has-1-columns) > .wp-block-kadence-column.kadence-column20_4c179f-c0{align-self:auto;}.kt-inner-column-height-full:not(.kt-has-1-columns) > .wp-block-kadence-column.kadence-column20_4c179f-c0 > .kt-inside-inner-col{flex-direction:column;justify-content:center;}.kadence-column20_4c179f-c0 > .kt-inside-inner-col{flex-direction:column;justify-content:center;}}<\/style>\n<div class=\"wp-block-kadence-column kadence-column20_4c179f-c0\"><div class=\"kt-inside-inner-col\">\n<h3 class=\"wp-block-heading\">La Escuela Secundaria Rionegrina \u2013 ESRN<\/h3>\n\n\n\n<p>Desde el a\u00f1o 2019, nuestro colegio forma parte de la reforma educativa provincial de nivel medio conocida como <strong>Escuela Secundaria Rionegrina (ESRN)<\/strong>. Este nuevo dise\u00f1o curricular propone una secundaria que responda a los desaf\u00edos de un mundo en constante cambio, preparando a los j\u00f3venes con herramientas tanto te\u00f3ricas como pr\u00e1cticas.<\/p>\n<\/div><\/div>\n\n\n<style>.kadence-column20_886f2a-9f > .kt-inside-inner-col,.kadence-column20_886f2a-9f > .kt-inside-inner-col:before{border-top-left-radius:0px;border-top-right-radius:0px;border-bottom-right-radius:0px;border-bottom-left-radius:0px;}.kadence-column20_886f2a-9f > .kt-inside-inner-col{column-gap:var(--global-kb-gap-sm, 1rem);}.kadence-column20_886f2a-9f > .kt-inside-inner-col{flex-direction:column;}.kadence-column20_886f2a-9f > .kt-inside-inner-col > .aligncenter{width:100%;}.kadence-column20_886f2a-9f > .kt-inside-inner-col:before{opacity:0.3;}.kadence-column20_886f2a-9f{position:relative;}@media all and (max-width: 1024px){.kadence-column20_886f2a-9f > .kt-inside-inner-col{flex-direction:column;justify-content:center;}}@media all and (max-width: 767px){.kadence-column20_886f2a-9f > .kt-inside-inner-col{flex-direction:column;justify-content:center;}}<\/style>\n<div class=\"wp-block-kadence-column kadence-column20_886f2a-9f\"><div class=\"kt-inside-inner-col\"><div class=\"wp-block-image\">\n<figure class=\"aligncenter size-large\"><a href=\"https:\/\/donboscobariloche.edu.ar\/sitio2025\/wp-content\/uploads\/2025\/11\/Don-Bosco-frente-con-alumnos.png\"><img loading=\"lazy\" decoding=\"async\" width=\"1024\" height=\"484\" src=\"https:\/\/donboscobariloche.edu.ar\/sitio2025\/wp-content\/uploads\/2025\/11\/Don-Bosco-frente-con-alumnos-1024x484.png\" alt=\"\" class=\"wp-image-224\" srcset=\"https:\/\/donboscobariloche.edu.ar\/sitio2025\/wp-content\/uploads\/2025\/11\/Don-Bosco-frente-con-alumnos-1024x484.png 1024w, https:\/\/donboscobariloche.edu.ar\/sitio2025\/wp-content\/uploads\/2025\/11\/Don-Bosco-frente-con-alumnos-300x142.png 300w, https:\/\/donboscobariloche.edu.ar\/sitio2025\/wp-content\/uploads\/2025\/11\/Don-Bosco-frente-con-alumnos-768x363.png 768w, https:\/\/donboscobariloche.edu.ar\/sitio2025\/wp-content\/uploads\/2025\/11\/Don-Bosco-frente-con-alumnos-1536x726.png 1536w, https:\/\/donboscobariloche.edu.ar\/sitio2025\/wp-content\/uploads\/2025\/11\/Don-Bosco-frente-con-alumnos.png 1600w\" sizes=\"auto, (max-width: 1024px) 100vw, 1024px\" \/><\/a><\/figure>\n<\/div><\/div><\/div>\n\n<\/div><\/div>\n\n\n<h3 class=\"wp-block-heading\">Propuesta pedag\u00f3gica<\/h3>\n\n\n\n<ul class=\"wp-block-list\">\n<li>Trabajo por proyectos inter\u00e1reas.<\/li>\n\n\n\n<li>Docentes tutores para el fortalecimiento de trayectorias, que fortalecen la continuidad pedag\u00f3gica y los v\u00ednculos con los estudiantes.<\/li>\n\n\n\n<li>Espacios institucionales semanales, que garantizan el aporte de todo el equipo docente al proyecto educativo.<\/li>\n\n\n\n<li>Preceptor Tutor, que busca promover el desarrollo integral del alumno, ayud\u00e1ndolo a enfrentar situaciones personales y educativas. Su objetivo es fortalecer la persona, fomentar el respeto por las diferencias, ense\u00f1ar a relacionarse adecuadamente con los dem\u00e1s y a tomar decisiones responsables en la vida.<\/li>\n<\/ul>\n\n\n\n<h3 class=\"wp-block-heading\">Objetivos de nuestras actividades extracurriculares<\/h3>\n\n\n\n<ul class=\"wp-block-list\">\n<li><strong>Descubrir y dar sentido a la vida<\/strong>: acompa\u00f1ar a los alumnos en los cambios propios de la adolescencia y su crecimiento personal.<\/li>\n\n\n\n<li><strong>Vivir y compartir la fe<\/strong>: reconocer a Jes\u00fas como hermano y Se\u00f1or, a Mar\u00eda como madre, y experimentar la alegr\u00eda de creer en comunidad.<\/li>\n\n\n\n<li><strong>Promover valores evang\u00e9licos<\/strong>: respeto, solidaridad, esfuerzo, responsabilidad, honestidad, justicia y servicio a los dem\u00e1s.<\/li>\n\n\n\n<li><strong>Fortalecer el esp\u00edritu comunitario<\/strong>: fomentar la escucha, el respeto y la confianza mutua como experiencia de Iglesia.<\/li>\n\n\n\n<li><strong>Celebrar y orar juntos<\/strong>: ofrecer espacios de oraci\u00f3n y celebraciones que fortalezcan la vida espiritual.<\/li>\n\n\n\n<li><strong>Comprometerse con la realidad<\/strong>: despertar una conciencia cr\u00edtica y responsable, realizar gestos concretos de solidaridad y participar en la construcci\u00f3n de una sociedad m\u00e1s justa y fraterna. Los cambios que so\u00f1amos para nuestro tiempo dependen de mi aporte personal de cada d\u00eda.&nbsp;<\/li>\n<\/ul>\n\n\n\n<p>En cada propuesta extracurricular \u2014ya sea cultural, pastoral, deportiva o solidaria\u2014 buscamos que los alumnos vivan el esp\u00edritu salesiano y aprendan que la <strong>educaci\u00f3n es tambi\u00e9n un acto de amor y de servicio<\/strong>.<\/p>\n","protected":false},"excerpt":{"rendered":"<p>Bachiller en Econom\u00eda y Administraci\u00f3n En el Colegio Don Bosco, el Nivel Secundario tiene como pilar fundamental la mirada del joven como protagonista de su propio aprendizaje y de la&#8230;<\/p>\n","protected":false},"author":3,"featured_media":0,"parent":0,"menu_order":0,"comment_status":"closed","ping_status":"closed","template":"","meta":{"_kadence_starter_templates_imported_post":false,"_kad_post_transparent":"","_kad_post_title":"","_kad_post_layout":"","_kad_post_sidebar_id":"","_kad_post_content_style":"","_kad_post_vertical_padding":"","_kad_post_feature":"","_kad_post_feature_position":"","_kad_post_header":false,"_kad_post_footer":false,"_kad_post_classname":"","footnotes":""},"class_list":["post-20","page","type-page","status-publish","hentry"],"_links":{"self":[{"href":"https:\/\/donboscobariloche.edu.ar\/sitio2025\/wp-json\/wp\/v2\/pages\/20","targetHints":{"allow":["GET"]}}],"collection":[{"href":"https:\/\/donboscobariloche.edu.ar\/sitio2025\/wp-json\/wp\/v2\/pages"}],"about":[{"href":"https:\/\/donboscobariloche.edu.ar\/sitio2025\/wp-json\/wp\/v2\/types\/page"}],"author":[{"embeddable":true,"href":"https:\/\/donboscobariloche.edu.ar\/sitio2025\/wp-json\/wp\/v2\/users\/3"}],"replies":[{"embeddable":true,"href":"https:\/\/donboscobariloche.edu.ar\/sitio2025\/wp-json\/wp\/v2\/comments?post=20"}],"version-history":[{"count":7,"href":"https:\/\/donboscobariloche.edu.ar\/sitio2025\/wp-json\/wp\/v2\/pages\/20\/revisions"}],"predecessor-version":[{"id":310,"href":"https:\/\/donboscobariloche.edu.ar\/sitio2025\/wp-json\/wp\/v2\/pages\/20\/revisions\/310"}],"wp:attachment":[{"href":"https:\/\/donboscobariloche.edu.ar\/sitio2025\/wp-json\/wp\/v2\/media?parent=20"}],"curies":[{"name":"wp","href":"https:\/\/api.w.org\/{rel}","templated":true}]}}