{"id":21,"date":"2025-11-13T08:58:39","date_gmt":"2025-11-13T11:58:39","guid":{"rendered":"https:\/\/donboscobariloche.edu.ar\/sitio2025\/?page_id=21"},"modified":"2025-11-27T11:46:49","modified_gmt":"2025-11-27T14:46:49","slug":"primaria","status":"publish","type":"page","link":"https:\/\/donboscobariloche.edu.ar\/sitio2025\/primaria\/","title":{"rendered":"NIVEL PRIMARIO"},"content":{"rendered":"<style>.kb-row-layout-id21_85b1cc-49 > .kt-row-column-wrap{align-content:start;}:where(.kb-row-layout-id21_85b1cc-49 > .kt-row-column-wrap) > .wp-block-kadence-column{justify-content:start;}.kb-row-layout-id21_85b1cc-49 > .kt-row-column-wrap{column-gap:var(--global-kb-gap-md, 2rem);row-gap:var(--global-kb-gap-md, 2rem);padding-top:var(--global-kb-spacing-sm, 1.5rem);padding-bottom:var(--global-kb-spacing-sm, 1.5rem);grid-template-columns:repeat(2, minmax(0, 1fr));}.kb-row-layout-id21_85b1cc-49 > .kt-row-layout-overlay{opacity:0.30;}@media all and (max-width: 1024px){.kb-row-layout-id21_85b1cc-49 > .kt-row-column-wrap{grid-template-columns:repeat(2, minmax(0, 1fr));}}@media all and (max-width: 767px){.kb-row-layout-id21_85b1cc-49 > .kt-row-column-wrap{grid-template-columns:minmax(0, 1fr);}}<\/style><div class=\"kb-row-layout-wrap kb-row-layout-id21_85b1cc-49 alignnone wp-block-kadence-rowlayout\"><div class=\"kt-row-column-wrap kt-has-2-columns kt-row-layout-equal kt-tab-layout-inherit kt-mobile-layout-row kt-row-valign-top\">\n<style>.kadence-column21_e577b6-94 > .kt-inside-inner-col{display:flex;}.kadence-column21_e577b6-94 > .kt-inside-inner-col,.kadence-column21_e577b6-94 > .kt-inside-inner-col:before{border-top-left-radius:0px;border-top-right-radius:0px;border-bottom-right-radius:0px;border-bottom-left-radius:0px;}.kadence-column21_e577b6-94 > .kt-inside-inner-col{column-gap:var(--global-kb-gap-sm, 1rem);}.kadence-column21_e577b6-94 > .kt-inside-inner-col{flex-direction:column;justify-content:center;}.kadence-column21_e577b6-94 > .kt-inside-inner-col > .aligncenter{width:100%;}.kt-row-column-wrap > .kadence-column21_e577b6-94{align-self:center;}.kt-inner-column-height-full:not(.kt-has-1-columns) > .wp-block-kadence-column.kadence-column21_e577b6-94{align-self:auto;}.kt-inner-column-height-full:not(.kt-has-1-columns) > .wp-block-kadence-column.kadence-column21_e577b6-94 > .kt-inside-inner-col{flex-direction:column;justify-content:center;}.kadence-column21_e577b6-94 > .kt-inside-inner-col:before{opacity:0.3;}.kadence-column21_e577b6-94{position:relative;}@media all and (max-width: 1024px){.kt-row-column-wrap > .kadence-column21_e577b6-94{align-self:center;}}@media all and (max-width: 1024px){.kt-inner-column-height-full:not(.kt-has-1-columns) > .wp-block-kadence-column.kadence-column21_e577b6-94{align-self:auto;}}@media all and (max-width: 1024px){.kt-inner-column-height-full:not(.kt-has-1-columns) > .wp-block-kadence-column.kadence-column21_e577b6-94 > .kt-inside-inner-col{flex-direction:column;justify-content:center;}}@media all and (max-width: 1024px){.kadence-column21_e577b6-94 > .kt-inside-inner-col{flex-direction:column;justify-content:center;}}@media all and (max-width: 767px){.kt-row-column-wrap > .kadence-column21_e577b6-94{align-self:center;}.kt-inner-column-height-full:not(.kt-has-1-columns) > .wp-block-kadence-column.kadence-column21_e577b6-94{align-self:auto;}.kt-inner-column-height-full:not(.kt-has-1-columns) > .wp-block-kadence-column.kadence-column21_e577b6-94 > .kt-inside-inner-col{flex-direction:column;justify-content:center;}.kadence-column21_e577b6-94 > .kt-inside-inner-col{flex-direction:column;justify-content:center;}}<\/style>\n<div class=\"wp-block-kadence-column kadence-column21_e577b6-94\"><div class=\"kt-inside-inner-col\">\n<p>El <strong>Nivel Primario del Colegio Don Bosco<\/strong> acompa\u00f1a a ni\u00f1os y ni\u00f1as en una etapa clave de crecimiento personal, social y acad\u00e9mico. Nuestra propuesta educativa busca <strong>formar estudiantes aut\u00f3nomos, responsables y comprometidos<\/strong>, promoviendo el aprendizaje significativo y el desarrollo integral desde la mirada salesiana.<\/p>\n\n\n\n<p>Creemos que la <strong>escuela es comunidad<\/strong>, por eso trabajamos en un clima de cercan\u00eda, respeto y alegr\u00eda, donde cada estudiante encuentra un espacio para crecer en sus talentos y aprender junto a otros.<\/p>\n<\/div><\/div>\n\n\n<style>.kadence-column21_347258-37 > .kt-inside-inner-col,.kadence-column21_347258-37 > .kt-inside-inner-col:before{border-top-left-radius:0px;border-top-right-radius:0px;border-bottom-right-radius:0px;border-bottom-left-radius:0px;}.kadence-column21_347258-37 > .kt-inside-inner-col{column-gap:var(--global-kb-gap-sm, 1rem);}.kadence-column21_347258-37 > .kt-inside-inner-col{flex-direction:column;}.kadence-column21_347258-37 > .kt-inside-inner-col > .aligncenter{width:100%;}.kadence-column21_347258-37 > .kt-inside-inner-col:before{opacity:0.3;}.kadence-column21_347258-37{position:relative;}@media all and (max-width: 1024px){.kadence-column21_347258-37 > .kt-inside-inner-col{flex-direction:column;justify-content:center;}}@media all and (max-width: 767px){.kadence-column21_347258-37 > .kt-inside-inner-col{flex-direction:column;justify-content:center;}}<\/style>\n<div class=\"wp-block-kadence-column kadence-column21_347258-37\"><div class=\"kt-inside-inner-col\"><div class=\"wp-block-image\">\n<figure class=\"aligncenter size-large is-resized\"><a href=\"https:\/\/donboscobariloche.edu.ar\/sitio2025\/wp-content\/uploads\/2025\/11\/Primaria-principal.jpeg\"><img loading=\"lazy\" decoding=\"async\" width=\"1024\" height=\"576\" src=\"https:\/\/donboscobariloche.edu.ar\/sitio2025\/wp-content\/uploads\/2025\/11\/Primaria-principal-1024x576.jpeg\" alt=\"Colegio Don Bosco\" class=\"wp-image-16\" style=\"width:498px;height:auto\" srcset=\"https:\/\/donboscobariloche.edu.ar\/sitio2025\/wp-content\/uploads\/2025\/11\/Primaria-principal-1024x576.jpeg 1024w, https:\/\/donboscobariloche.edu.ar\/sitio2025\/wp-content\/uploads\/2025\/11\/Primaria-principal-300x169.jpeg 300w, https:\/\/donboscobariloche.edu.ar\/sitio2025\/wp-content\/uploads\/2025\/11\/Primaria-principal-768x432.jpeg 768w, https:\/\/donboscobariloche.edu.ar\/sitio2025\/wp-content\/uploads\/2025\/11\/Primaria-principal-1536x864.jpeg 1536w, https:\/\/donboscobariloche.edu.ar\/sitio2025\/wp-content\/uploads\/2025\/11\/Primaria-principal.jpeg 1600w\" sizes=\"auto, (max-width: 1024px) 100vw, 1024px\" \/><\/a><\/figure>\n<\/div><\/div><\/div>\n\n<\/div><\/div>\n\n\n<h4 class=\"wp-block-heading\">Propuesta pedag\u00f3gica<\/h4>\n\n\n\n<ul class=\"wp-block-list\">\n<li><strong>Formaci\u00f3n integral<\/strong> con \u00e1reas especiales: religi\u00f3n, m\u00fasica, pl\u00e1stica, educaci\u00f3n f\u00edsica, ingl\u00e9s y computaci\u00f3n.<\/li>\n\n\n\n<li><strong>Proyecto Parejas Pedag\u00f3gicas<\/strong>: una tercera docente que acompa\u00f1a los grados, fortaleciendo el trabajo en equipo inter-\u00e1rea.<\/li>\n\n\n\n<li><strong>Proyectos de Vida en la Naturaleza<\/strong>: actividades en contacto con el medio ambiente que fortalecen la integraci\u00f3n grupal, el trabajo en equipo y el aprendizaje significativo.<\/li>\n\n\n\n<li><strong>Espacios extracurriculares<\/strong>:&nbsp;<\/li>\n\n\n\n<li><strong>Cultura Religiosa:<\/strong> Este espacio es parte central de la identidad de nuestra Escuela. Busca acompa\u00f1ar a los alumnos en el desarrollo de su dimensi\u00f3n trascendente y en la construcci\u00f3n de un sentido integral de la vida. Es un lugar de encuentro, reflexi\u00f3n y crecimiento personal y comunitario, desde una visi\u00f3n del ser humano como unidad biol\u00f3gica, psicol\u00f3gica, espiritual y social.<\/li>\n<\/ul>\n\n\n\n<h4 class=\"wp-block-heading\">Objetivos<\/h4>\n\n\n\n<ul class=\"wp-block-list\">\n<li>Fomentar valores evang\u00e9licos que fortalezcan la convivencia: alegr\u00eda, solidaridad, empat\u00eda, di\u00e1logo, justicia y servicio.<\/li>\n\n\n\n<li>Ayudar a descubrir y valorar la propia historia y la de la comunidad, con responsabilidad y libertad.<\/li>\n\n\n\n<li>Promover el cuidado de s\u00ed mismo, de los dem\u00e1s y de la naturaleza como don compartido.<\/li>\n\n\n\n<li>Favorecer el perd\u00f3n, la reconciliaci\u00f3n y la construcci\u00f3n de v\u00ednculos fraternos.<\/li>\n\n\n\n<li>Abrirse al encuentro con Dios y con los otros, viviendo la fe como experiencia de comuni\u00f3n y compromiso por una sociedad m\u00e1s justa y solidaria.<\/li>\n\n\n\n<li><strong>Ingl\u00e9s:<\/strong> En el Colegio Don Bosco entendemos que el idioma <strong>ingl\u00e9s es una herramienta clave de comunicaci\u00f3n internacional<\/strong>, especialmente en nuestra ciudad, donde el turismo tiene un papel central. Adem\u00e1s, el idioma abre la puerta al acceso a los avances tecnol\u00f3gicos y al mundo acad\u00e9mico, y forma parte del dise\u00f1o curricular provincial, por lo que su ense\u00f1anza constituye un compromiso de justicia educativa.<\/li>\n<\/ul>\n\n\n\n<h2 class=\"wp-block-heading\">INGL\u00c9S<\/h2>\n\n\n<style>.kb-row-layout-id21_78373f-96 > .kt-row-column-wrap{align-content:start;}:where(.kb-row-layout-id21_78373f-96 > .kt-row-column-wrap) > .wp-block-kadence-column{justify-content:start;}.kb-row-layout-id21_78373f-96 > .kt-row-column-wrap{column-gap:var(--global-kb-gap-md, 2rem);row-gap:var(--global-kb-gap-md, 2rem);padding-top:var(--global-kb-spacing-sm, 1.5rem);grid-template-columns:repeat(2, minmax(0, 1fr));}.kb-row-layout-id21_78373f-96 > .kt-row-layout-overlay{opacity:0.30;}@media all and (max-width: 1024px){.kb-row-layout-id21_78373f-96 > .kt-row-column-wrap{grid-template-columns:repeat(2, minmax(0, 1fr));}}@media all and (max-width: 767px){.kb-row-layout-id21_78373f-96 > .kt-row-column-wrap{grid-template-columns:minmax(0, 1fr);}}<\/style><div class=\"kb-row-layout-wrap kb-row-layout-id21_78373f-96 alignnone wp-block-kadence-rowlayout\"><div class=\"kt-row-column-wrap kt-has-2-columns kt-row-layout-equal kt-tab-layout-inherit kt-mobile-layout-row kt-row-valign-top\">\n<style>.kadence-column21_24fb97-da > .kt-inside-inner-col,.kadence-column21_24fb97-da > .kt-inside-inner-col:before{border-top-left-radius:0px;border-top-right-radius:0px;border-bottom-right-radius:0px;border-bottom-left-radius:0px;}.kadence-column21_24fb97-da > .kt-inside-inner-col{column-gap:var(--global-kb-gap-sm, 1rem);}.kadence-column21_24fb97-da > .kt-inside-inner-col{flex-direction:column;}.kadence-column21_24fb97-da > .kt-inside-inner-col > .aligncenter{width:100%;}.kadence-column21_24fb97-da > .kt-inside-inner-col:before{opacity:0.3;}.kadence-column21_24fb97-da{position:relative;}@media all and (max-width: 1024px){.kadence-column21_24fb97-da > .kt-inside-inner-col{flex-direction:column;justify-content:center;}}@media all and (max-width: 767px){.kadence-column21_24fb97-da > .kt-inside-inner-col{flex-direction:column;justify-content:center;}}<\/style>\n<div class=\"wp-block-kadence-column kadence-column21_24fb97-da\"><div class=\"kt-inside-inner-col\"><div class=\"wp-block-image\">\n<figure class=\"aligncenter size-large is-resized\"><a href=\"https:\/\/donboscobariloche.edu.ar\/sitio2025\/wp-content\/uploads\/2025\/11\/primaria-3.jpg\"><img loading=\"lazy\" decoding=\"async\" width=\"1024\" height=\"576\" src=\"https:\/\/donboscobariloche.edu.ar\/sitio2025\/wp-content\/uploads\/2025\/11\/primaria-3-1024x576.jpg\" alt=\"\" class=\"wp-image-211\" style=\"width:466px;height:auto\" srcset=\"https:\/\/donboscobariloche.edu.ar\/sitio2025\/wp-content\/uploads\/2025\/11\/primaria-3-1024x576.jpg 1024w, https:\/\/donboscobariloche.edu.ar\/sitio2025\/wp-content\/uploads\/2025\/11\/primaria-3-300x169.jpg 300w, https:\/\/donboscobariloche.edu.ar\/sitio2025\/wp-content\/uploads\/2025\/11\/primaria-3-768x432.jpg 768w, https:\/\/donboscobariloche.edu.ar\/sitio2025\/wp-content\/uploads\/2025\/11\/primaria-3-1536x864.jpg 1536w, https:\/\/donboscobariloche.edu.ar\/sitio2025\/wp-content\/uploads\/2025\/11\/primaria-3.jpg 1600w\" sizes=\"auto, (max-width: 1024px) 100vw, 1024px\" \/><\/a><\/figure>\n<\/div><\/div><\/div>\n\n\n<style>.kadence-column21_46b06f-5a > .kt-inside-inner-col{display:flex;}.kadence-column21_46b06f-5a > .kt-inside-inner-col,.kadence-column21_46b06f-5a > .kt-inside-inner-col:before{border-top-left-radius:0px;border-top-right-radius:0px;border-bottom-right-radius:0px;border-bottom-left-radius:0px;}.kadence-column21_46b06f-5a > .kt-inside-inner-col{column-gap:var(--global-kb-gap-sm, 1rem);}.kadence-column21_46b06f-5a > .kt-inside-inner-col{flex-direction:column;justify-content:center;}.kadence-column21_46b06f-5a > .kt-inside-inner-col > .aligncenter{width:100%;}.kt-row-column-wrap > .kadence-column21_46b06f-5a{align-self:center;}.kt-inner-column-height-full:not(.kt-has-1-columns) > .wp-block-kadence-column.kadence-column21_46b06f-5a{align-self:auto;}.kt-inner-column-height-full:not(.kt-has-1-columns) > .wp-block-kadence-column.kadence-column21_46b06f-5a > .kt-inside-inner-col{flex-direction:column;justify-content:center;}.kadence-column21_46b06f-5a > .kt-inside-inner-col:before{opacity:0.3;}.kadence-column21_46b06f-5a{position:relative;}@media all and (max-width: 1024px){.kt-row-column-wrap > .kadence-column21_46b06f-5a{align-self:center;}}@media all and (max-width: 1024px){.kt-inner-column-height-full:not(.kt-has-1-columns) > .wp-block-kadence-column.kadence-column21_46b06f-5a{align-self:auto;}}@media all and (max-width: 1024px){.kt-inner-column-height-full:not(.kt-has-1-columns) > .wp-block-kadence-column.kadence-column21_46b06f-5a > .kt-inside-inner-col{flex-direction:column;justify-content:center;}}@media all and (max-width: 1024px){.kadence-column21_46b06f-5a > .kt-inside-inner-col{flex-direction:column;justify-content:center;}}@media all and (max-width: 767px){.kt-row-column-wrap > .kadence-column21_46b06f-5a{align-self:center;}.kt-inner-column-height-full:not(.kt-has-1-columns) > .wp-block-kadence-column.kadence-column21_46b06f-5a{align-self:auto;}.kt-inner-column-height-full:not(.kt-has-1-columns) > .wp-block-kadence-column.kadence-column21_46b06f-5a > .kt-inside-inner-col{flex-direction:column;justify-content:center;}.kadence-column21_46b06f-5a > .kt-inside-inner-col{flex-direction:column;justify-content:center;}}<\/style>\n<div class=\"wp-block-kadence-column kadence-column21_46b06f-5a\"><div class=\"kt-inside-inner-col\">\n<p>&nbsp;En el nivel inicial y primario, la ense\u00f1anza del ingl\u00e9s se desarrolla a trav\u00e9s del <strong>juego, la exploraci\u00f3n y la creatividad<\/strong>, respetando las caracter\u00edsticas propias de cada etapa. Los materiales seleccionados buscan ser atractivos visualmente y cercanos a la cotidianeidad de los ni\u00f1os, con personajes, colores y actividades que despierten el inter\u00e9s y acompa\u00f1en el aprendizaje de manera gradual.<\/p>\n\n\n\n<p>El proceso comienza priorizando la <strong>comprensi\u00f3n y la oralidad<\/strong>, para luego avanzar hacia la producci\u00f3n escrita, siempre en sinton\u00eda con la madurez cognitiva de los alumnos.<\/p>\n<\/div><\/div>\n\n<\/div><\/div>\n\n\n<h4 class=\"wp-block-heading\">Objetivos:<\/h4>\n\n\n\n<ul class=\"wp-block-list\">\n<li>Generar confianza en los estudiantes respecto a su capacidad para aprender una lengua extranjera.<\/li>\n\n\n\n<li>Revalorizar la lengua materna y promover la aceptaci\u00f3n de la diversidad cultural.<\/li>\n\n\n\n<li>Favorecer el trabajo interdisciplinario con otras \u00e1reas, enriqueciendo la comprensi\u00f3n de problem\u00e1ticas actuales.<\/li>\n\n\n\n<li>Desarrollar competencias ling\u00fc\u00edsticas y comunicativas que permitan comprender y producir textos orales y escritos en contextos significativos.<\/li>\n<\/ul>\n\n\n\n<h2 class=\"wp-block-heading\"><strong>Inform\u00e1tica y Rob\u00f3tica<\/strong><\/h2>\n\n\n\n<p>En el Colegio Don Bosco, la educaci\u00f3n digital se concibe como un <strong>saber transversal e integral<\/strong>, presente en todos los espacios curriculares. Nuestro objetivo es que los alumnos desarrollen competencias digitales necesarias para el siglo XXI, integrando la tecnolog\u00eda de manera reflexiva y responsable en su aprendizaje y en la vida cotidiana.<\/p>\n\n\n\n<p>Para ello, contamos con <strong>referentes de inform\u00e1tica para todos los grados<\/strong>, utilizando nuestras dos salas de computaci\u00f3n. En 7mo grado se dicta el taller de rob\u00f3tica, un espacio que despierta gran entusiasmo en nuestros estudiantes.Este espacio extracurricular refleja nuestro compromiso con una <strong>educaci\u00f3n moderna, integral y pertinente<\/strong>, que acompa\u00f1a a los estudiantes en el desarrollo de habilidades digitales fundamentales para su futuro acad\u00e9mico, profesional y laboral.<\/p>\n\n\n\n<h3 class=\"wp-block-heading\">Horarios de funcionamiento<\/h3>\n\n\n\n<ul class=\"wp-block-list\">\n<li><strong>Turno tarde<\/strong> \u2192 de 13:10 a 17:40.<\/li>\n\n\n\n<li><strong>Educaci\u00f3n F\u00edsica<\/strong> \u2192 desde 5.\u00ba grado a 7\u00b0 grado, a contraturno de 11:30 a 13:00 en el gimnasio del colegio.<\/li>\n\n\n\n<li>A partir de 6.\u00ba grado, las clases de educaci\u00f3n f\u00edsica se organizan en grupos diferenciados para varones y mujeres, potenciando el desarrollo de distintas categor\u00edas deportivas.<\/li>\n<\/ul>\n\n\n\n<p><\/p>\n","protected":false},"excerpt":{"rendered":"<p>El Nivel Primario del Colegio Don Bosco acompa\u00f1a a ni\u00f1os y ni\u00f1as en una etapa clave de crecimiento personal, social y acad\u00e9mico. Nuestra propuesta educativa busca formar estudiantes aut\u00f3nomos, responsables&#8230;<\/p>\n","protected":false},"author":3,"featured_media":0,"parent":0,"menu_order":0,"comment_status":"closed","ping_status":"closed","template":"","meta":{"_kadence_starter_templates_imported_post":false,"_kad_post_transparent":"","_kad_post_title":"","_kad_post_layout":"","_kad_post_sidebar_id":"","_kad_post_content_style":"","_kad_post_vertical_padding":"","_kad_post_feature":"","_kad_post_feature_position":"","_kad_post_header":false,"_kad_post_footer":false,"_kad_post_classname":"","footnotes":""},"class_list":["post-21","page","type-page","status-publish","hentry"],"_links":{"self":[{"href":"https:\/\/donboscobariloche.edu.ar\/sitio2025\/wp-json\/wp\/v2\/pages\/21","targetHints":{"allow":["GET"]}}],"collection":[{"href":"https:\/\/donboscobariloche.edu.ar\/sitio2025\/wp-json\/wp\/v2\/pages"}],"about":[{"href":"https:\/\/donboscobariloche.edu.ar\/sitio2025\/wp-json\/wp\/v2\/types\/page"}],"author":[{"embeddable":true,"href":"https:\/\/donboscobariloche.edu.ar\/sitio2025\/wp-json\/wp\/v2\/users\/3"}],"replies":[{"embeddable":true,"href":"https:\/\/donboscobariloche.edu.ar\/sitio2025\/wp-json\/wp\/v2\/comments?post=21"}],"version-history":[{"count":11,"href":"https:\/\/donboscobariloche.edu.ar\/sitio2025\/wp-json\/wp\/v2\/pages\/21\/revisions"}],"predecessor-version":[{"id":223,"href":"https:\/\/donboscobariloche.edu.ar\/sitio2025\/wp-json\/wp\/v2\/pages\/21\/revisions\/223"}],"wp:attachment":[{"href":"https:\/\/donboscobariloche.edu.ar\/sitio2025\/wp-json\/wp\/v2\/media?parent=21"}],"curies":[{"name":"wp","href":"https:\/\/api.w.org\/{rel}","templated":true}]}}