{"id":238,"date":"2025-11-27T12:19:26","date_gmt":"2025-11-27T15:19:26","guid":{"rendered":"https:\/\/donboscobariloche.edu.ar\/sitio2025\/?page_id=238"},"modified":"2025-11-27T12:20:48","modified_gmt":"2025-11-27T15:20:48","slug":"propuesta-educativa","status":"publish","type":"page","link":"https:\/\/donboscobariloche.edu.ar\/sitio2025\/propuesta-educativa\/","title":{"rendered":"PROPUESTA EDUCATIVA"},"content":{"rendered":"\n<h2 class=\"wp-block-heading\"><strong>Identidad y Modelo de Persona<\/strong><\/h2>\n\n\n\n<ul class=\"wp-block-list\">\n<li>En el coraz\u00f3n del proyecto educativo salesiano est\u00e1 la <strong>formaci\u00f3n integral<\/strong> de la persona: cuerpo, mente, esp\u00edritu y coraz\u00f3n.<\/li>\n\n\n\n<li>Se promueve una <strong>relaci\u00f3n arm\u00f3nica con la naturaleza<\/strong>, el respeto por los dem\u00e1s y la construcci\u00f3n de una <strong>vida con sentido<\/strong>.<\/li>\n\n\n\n<li>Se reconoce que cada persona se forma en el tiempo, <strong>asumiendo la cultura<\/strong> en la que vive, y recre\u00e1ndola con responsabilidad y compromiso.<\/li>\n<\/ul>\n\n\n\n<h2 class=\"wp-block-heading\"><strong>Relaci\u00f3n con Dios y Perfil del Educador Salesiano<\/strong><\/h2>\n\n\n\n<ul class=\"wp-block-list\">\n<li>El ser humano vive en una b\u00fasqueda constante de sentido, habitado por la tensi\u00f3n entre su <strong>fragilidad y su vocaci\u00f3n trascendente<\/strong>.<\/li>\n\n\n\n<li>El educador salesiano es un adulto significativo: <strong>afectivamente maduro, equilibrado, c\u00e1lido y cercano<\/strong>, que acompa\u00f1a desde la presencia y el ejemplo.<\/li>\n\n\n\n<li>Se espera que sea <strong>competente, abierto al di\u00e1logo con esp\u00edritu de aprendizaje constante<\/strong>. Es decir, abierto a la innovaci\u00f3n, al trabajo en equipo, reactivo, colaborativo para la buena marcha de la Instituci\u00f3n, aportando su visi\u00f3n para poder corregir o modificar lo que no resulta<\/li>\n<\/ul>\n\n\n\n<h2 class=\"wp-block-heading\"><strong>Perfil del Estudiante (Educando)<\/strong><\/h2>\n\n\n\n<ul class=\"wp-block-list\">\n<li>El estudiante salesiano es invitado a reconocerse con <strong>autoestima, afectividad sana y apertura al encuentro con el otro<\/strong>.<\/li>\n\n\n\n<li>Se forma para aprender a <strong>conocer, hacer, convivir, valorar y ser<\/strong>.<\/li>\n\n\n\n<li>Se busca que sea <strong>solidario, sensible, servicial y promotor de la justicia y la paz<\/strong>.<\/li>\n<\/ul>\n\n\n\n<h2 class=\"wp-block-heading\"><strong>Sistema Preventivo Salesiano<\/strong><\/h2>\n\n\n\n<ul class=\"wp-block-list\">\n<li>El modelo educativo salesiano se basa en la <strong>prevenci\u00f3n<\/strong>, al evitar que se act\u00fae negativamente.\u00a0<\/li>\n\n\n\n<li>El v\u00ednculo educativo se construye desde la <strong>raz\u00f3n, la religi\u00f3n y la \u00abamorevolezza\u00bb<\/strong>, que significa cari\u00f1o expresado en cercan\u00eda, afecto y confianza.<\/li>\n\n\n\n<li>El clima escolar es el de una <strong>familia<\/strong>, donde reina la <strong>alegr\u00eda, el respeto y la presencia activa<\/strong> del educador entre los j\u00f3venes.<\/li>\n<\/ul>\n\n\n\n<h2 class=\"wp-block-heading\"><strong>Metodolog\u00eda y Estilo Pedag\u00f3gico<\/strong><\/h2>\n\n\n\n<ul class=\"wp-block-list\">\n<li>El aprendizaje es un proceso activo, <strong>construido en comunidad y desde la experiencia<\/strong>.<\/li>\n\n\n\n<li>Se prioriza el <strong>aprendizaje significativo<\/strong>, que conecta con la vida del alumno.<\/li>\n\n\n\n<li>Se trabaja desde la <strong>diversidad<\/strong>, valorando los distintos ritmos y formas de aprender. M\u00e1s all\u00e1 de las curr\u00edculas del que puede m\u00e1s y de quien no logra f\u00e1cil llevar a las expectativas.\u00a0<\/li>\n\n\n\n<li>Las metodolog\u00edas favorecen la <strong>educaci\u00f3n en grupo, el trabajo colaborativo y la participaci\u00f3n activa<\/strong>.<\/li>\n<\/ul>\n\n\n\n<h2 class=\"wp-block-heading\"><strong>Estilo Propio de la Escuela Salesiana<\/strong><\/h2>\n\n\n\n<ul class=\"wp-block-list\">\n<li>Es una <strong>escuela juvenil, popular e inclusiva<\/strong>, con opci\u00f3n preferencial por los j\u00f3venes m\u00e1s vulnerables.<\/li>\n\n\n\n<li>Tiene una <strong>funci\u00f3n social transformadora<\/strong>, promoviendo la formaci\u00f3n ciudadana y el compromiso con los valores.\u00a0<\/li>\n\n\n\n<li>Se gestiona desde la <strong>animaci\u00f3n salesiana<\/strong>, que impulsa la participaci\u00f3n, la corresponsabilidad y el esp\u00edritu de familia.<\/li>\n<\/ul>\n\n\n\n<p><\/p>\n","protected":false},"excerpt":{"rendered":"<p>Identidad y Modelo de Persona Relaci\u00f3n con Dios y Perfil del Educador Salesiano Perfil del Estudiante (Educando) Sistema Preventivo Salesiano Metodolog\u00eda y Estilo Pedag\u00f3gico Estilo Propio de la Escuela Salesiana<\/p>\n","protected":false},"author":3,"featured_media":0,"parent":0,"menu_order":0,"comment_status":"closed","ping_status":"closed","template":"","meta":{"_kadence_starter_templates_imported_post":false,"_kad_post_transparent":"","_kad_post_title":"","_kad_post_layout":"","_kad_post_sidebar_id":"","_kad_post_content_style":"","_kad_post_vertical_padding":"","_kad_post_feature":"","_kad_post_feature_position":"","_kad_post_header":false,"_kad_post_footer":false,"_kad_post_classname":"","footnotes":""},"class_list":["post-238","page","type-page","status-publish","hentry"],"_links":{"self":[{"href":"https:\/\/donboscobariloche.edu.ar\/sitio2025\/wp-json\/wp\/v2\/pages\/238","targetHints":{"allow":["GET"]}}],"collection":[{"href":"https:\/\/donboscobariloche.edu.ar\/sitio2025\/wp-json\/wp\/v2\/pages"}],"about":[{"href":"https:\/\/donboscobariloche.edu.ar\/sitio2025\/wp-json\/wp\/v2\/types\/page"}],"author":[{"embeddable":true,"href":"https:\/\/donboscobariloche.edu.ar\/sitio2025\/wp-json\/wp\/v2\/users\/3"}],"replies":[{"embeddable":true,"href":"https:\/\/donboscobariloche.edu.ar\/sitio2025\/wp-json\/wp\/v2\/comments?post=238"}],"version-history":[{"count":4,"href":"https:\/\/donboscobariloche.edu.ar\/sitio2025\/wp-json\/wp\/v2\/pages\/238\/revisions"}],"predecessor-version":[{"id":243,"href":"https:\/\/donboscobariloche.edu.ar\/sitio2025\/wp-json\/wp\/v2\/pages\/238\/revisions\/243"}],"wp:attachment":[{"href":"https:\/\/donboscobariloche.edu.ar\/sitio2025\/wp-json\/wp\/v2\/media?parent=238"}],"curies":[{"name":"wp","href":"https:\/\/api.w.org\/{rel}","templated":true}]}}