{"id":245,"date":"2025-11-27T12:28:33","date_gmt":"2025-11-27T15:28:33","guid":{"rendered":"https:\/\/donboscobariloche.edu.ar\/sitio2025\/?page_id=245"},"modified":"2026-02-20T11:22:59","modified_gmt":"2026-02-20T14:22:59","slug":"contacto","status":"publish","type":"page","link":"https:\/\/donboscobariloche.edu.ar\/sitio2025\/contacto\/","title":{"rendered":"CONTACTO"},"content":{"rendered":"<style>.kb-table-container245_295eb8-36{overflow-x:auto;}.kb-table245_295eb8-36 td:nth-of-type(1), .kb-table245_295eb8-36 th:nth-of-type(1){width:10%;}.kb-table245_295eb8-36 td:nth-of-type(2), .kb-table245_295eb8-36 th:nth-of-type(2){width:55%;}.kb-table245_295eb8-36{table-layout:fixed;width:100%;}.kb-table-container .kb-table245_295eb8-36 th{padding-top:var(--global-kb-spacing-xxs, 0.5rem);padding-right:var(--global-kb-spacing-xxs, 0.5rem);padding-bottom:var(--global-kb-spacing-xxs, 0.5rem);padding-left:var(--global-kb-spacing-xxs, 0.5rem);text-align:center;}.kb-table-container .kb-table245_295eb8-36 caption{text-align:center;}.kb-table-container .kb-table245_295eb8-36 td{padding-top:var(--global-kb-spacing-xxs, 0.5rem);padding-right:var(--global-kb-spacing-xxs, 0.5rem);padding-bottom:var(--global-kb-spacing-xxs, 0.5rem);padding-left:var(--global-kb-spacing-xxs, 0.5rem);text-align:left;}<\/style><div class=\"kb-table-container kb-table-container245_295eb8-36 wp-block-kadence-table\"><table class=\"kb-table kb-table245_295eb8-36\">\n<tr class=\"kb-table-row kb-table-row245_0a9ac9-34\">\n<td class=\"kb-table-data kb-table-data245_814d0a-a3\">\n\n<figure class=\"wp-block-image size-full\"><a href=\"https:\/\/donboscobariloche.edu.ar\/sitio2025\/wp-content\/uploads\/2025\/11\/logo-don-bosco-05-1.png\"><img loading=\"lazy\" decoding=\"async\" width=\"591\" height=\"591\" src=\"https:\/\/donboscobariloche.edu.ar\/sitio2025\/wp-content\/uploads\/2025\/11\/logo-don-bosco-05-1.png\" alt=\"\" class=\"wp-image-180\" srcset=\"https:\/\/donboscobariloche.edu.ar\/sitio2025\/wp-content\/uploads\/2025\/11\/logo-don-bosco-05-1.png 591w, https:\/\/donboscobariloche.edu.ar\/sitio2025\/wp-content\/uploads\/2025\/11\/logo-don-bosco-05-1-300x300.png 300w, https:\/\/donboscobariloche.edu.ar\/sitio2025\/wp-content\/uploads\/2025\/11\/logo-don-bosco-05-1-150x150.png 150w\" sizes=\"auto, (max-width: 591px) 100vw, 591px\" \/><\/a><\/figure>\n\n<\/td>\n\n<td class=\"kb-table-data kb-table-data245_4da928-77\">\n\n<p>COLEGIO DON BOSCO<br>Direcci\u00f3n: F. P. Moreno 501<br>C.P. 8400 &#8211; S. C. de Bariloche<br>Prov. de R\u00edo Negro<br>Mail: <a href=\"mailto:contacto@donboscobariloche.edu.ar\">contacto@donboscobariloche.edu.ar<\/a><br>Tel.: <a href=\"tel:5492944423076\">+54 9 294 442 3076<\/a><\/p>\n\n<\/td>\n<\/tr>\n\n<tr class=\"kb-table-row kb-table-row245_c996e1-9a\">\n<td class=\"kb-table-data kb-table-data245_142b84-e5\">\n\n<figure class=\"wp-block-image size-full\"><a href=\"https:\/\/donboscobariloche.edu.ar\/sitio2025\/wp-content\/uploads\/2025\/11\/Logo-CFI.png\"><img loading=\"lazy\" decoding=\"async\" width=\"600\" height=\"629\" src=\"https:\/\/donboscobariloche.edu.ar\/sitio2025\/wp-content\/uploads\/2025\/11\/Logo-CFI.png\" alt=\"\" class=\"wp-image-176\" srcset=\"https:\/\/donboscobariloche.edu.ar\/sitio2025\/wp-content\/uploads\/2025\/11\/Logo-CFI.png 600w, https:\/\/donboscobariloche.edu.ar\/sitio2025\/wp-content\/uploads\/2025\/11\/Logo-CFI-286x300.png 286w\" sizes=\"auto, (max-width: 600px) 100vw, 600px\" \/><\/a><\/figure>\n\n<\/td>\n\n<td class=\"kb-table-data kb-table-data245_ea5473-72\">\n\n<p>CENTRO FORMACION INTEGRAL DON BOSCO<br>Direcci\u00f3n: Charcao y Chocor\u00ed<br>C.P. 8400 &#8211; S. C. de Bariloche<br>Prov. de R\u00edo Negro<br>Mail: <a href=\"mailto:cfidb.sec@gmail.com\">cfidb.sec@gmail.com<\/a> &#8211; <a href=\"mailto:cfidonbosco@gmail.com\">cfidonbosco@gmail.com<\/a><br>Tel.: <a href=\"tel:5492944576540\">+54 9 294 457 6540<\/a><\/p>\n\n<\/td>\n<\/tr>\n\n<tr class=\"kb-table-row kb-table-row245_615f3e-69\">\n<td class=\"kb-table-data kb-table-data245_a0fd7e-bc\">\n\n<figure class=\"wp-block-image size-full\"><a href=\"https:\/\/donboscobariloche.edu.ar\/sitio2025\/wp-content\/uploads\/2025\/11\/ESRN-Ceferino2.jpg\"><img loading=\"lazy\" decoding=\"async\" width=\"591\" height=\"591\" src=\"https:\/\/donboscobariloche.edu.ar\/sitio2025\/wp-content\/uploads\/2025\/11\/ESRN-Ceferino2.jpg\" alt=\"\" class=\"wp-image-177\" srcset=\"https:\/\/donboscobariloche.edu.ar\/sitio2025\/wp-content\/uploads\/2025\/11\/ESRN-Ceferino2.jpg 591w, https:\/\/donboscobariloche.edu.ar\/sitio2025\/wp-content\/uploads\/2025\/11\/ESRN-Ceferino2-300x300.jpg 300w, https:\/\/donboscobariloche.edu.ar\/sitio2025\/wp-content\/uploads\/2025\/11\/ESRN-Ceferino2-150x150.jpg 150w\" sizes=\"auto, (max-width: 591px) 100vw, 591px\" \/><\/a><\/figure>\n\n<\/td>\n\n<td class=\"kb-table-data kb-table-data245_a36298-5d\">\n\n<p>CEFERINO NAMUNCURA<br>Direcci\u00f3n: Charcao y Chocor\u00ed<br>C.P. 8400 &#8211; S. C. de Bariloche<br>Prov. de R\u00edo Negro<br>Mail: <a href=\"mailto:ceferino@donboscobariloche.edu.ar\">ceferino@donboscobariloche.edu.ar<\/a><br>Tel.: <a href=\"tel:5492944707228\">+54 9 294 470 7228<\/a><\/p>\n\n<\/td>\n<\/tr>\n\n<tr class=\"kb-table-row kb-table-row245_c33670-17\">\n<td class=\"kb-table-data kb-table-data245_2380db-1a\">\n\n<figure class=\"wp-block-image size-large\"><a href=\"https:\/\/donboscobariloche.edu.ar\/sitio2025\/wp-content\/uploads\/2025\/11\/Logo-CENS-Salesianos.png\"><img loading=\"lazy\" decoding=\"async\" width=\"962\" height=\"1024\" src=\"https:\/\/donboscobariloche.edu.ar\/sitio2025\/wp-content\/uploads\/2025\/11\/Logo-CENS-Salesianos-962x1024.png\" alt=\"\" class=\"wp-image-178\" srcset=\"https:\/\/donboscobariloche.edu.ar\/sitio2025\/wp-content\/uploads\/2025\/11\/Logo-CENS-Salesianos-962x1024.png 962w, https:\/\/donboscobariloche.edu.ar\/sitio2025\/wp-content\/uploads\/2025\/11\/Logo-CENS-Salesianos-282x300.png 282w, https:\/\/donboscobariloche.edu.ar\/sitio2025\/wp-content\/uploads\/2025\/11\/Logo-CENS-Salesianos-768x818.png 768w, https:\/\/donboscobariloche.edu.ar\/sitio2025\/wp-content\/uploads\/2025\/11\/Logo-CENS-Salesianos-1443x1536.png 1443w, https:\/\/donboscobariloche.edu.ar\/sitio2025\/wp-content\/uploads\/2025\/11\/Logo-CENS-Salesianos.png 1839w\" sizes=\"auto, (max-width: 962px) 100vw, 962px\" \/><\/a><\/figure>\n\n<\/td>\n\n<td class=\"kb-table-data kb-table-data245_36b38a-1f\">\n\n<p>CENS SALESIANOS DE LA PATAGONIA<br>Direcci\u00f3n: Charcao y Chocor\u00ed<br>C.P. 8400 &#8211; S. C. de Bariloche<br>Prov. de R\u00edo Negro<br>Mail: <a href=\"mailto:salesianosdelapatagonia@gmail.com\">salesianosdelapatagonia@gmail.com<\/a><br>Tel.: <a href=\"tel:5492944903803\">+54 9 294 490 3803<\/a><\/p>\n\n<\/td>\n<\/tr>\n\n<tr class=\"kb-table-row kb-table-row245_63007a-5a\">\n<td class=\"kb-table-data kb-table-data245_1669f4-64\">\n\n<figure class=\"wp-block-image size-full\"><a href=\"https:\/\/donboscobariloche.edu.ar\/sitio2025\/wp-content\/uploads\/2025\/11\/Logo-Virgen-Nina-NUEVO.jpg\"><img loading=\"lazy\" decoding=\"async\" width=\"789\" height=\"789\" src=\"https:\/\/donboscobariloche.edu.ar\/sitio2025\/wp-content\/uploads\/2025\/11\/Logo-Virgen-Nina-NUEVO.jpg\" alt=\"\" class=\"wp-image-179\" srcset=\"https:\/\/donboscobariloche.edu.ar\/sitio2025\/wp-content\/uploads\/2025\/11\/Logo-Virgen-Nina-NUEVO.jpg 789w, https:\/\/donboscobariloche.edu.ar\/sitio2025\/wp-content\/uploads\/2025\/11\/Logo-Virgen-Nina-NUEVO-300x300.jpg 300w, https:\/\/donboscobariloche.edu.ar\/sitio2025\/wp-content\/uploads\/2025\/11\/Logo-Virgen-Nina-NUEVO-150x150.jpg 150w, https:\/\/donboscobariloche.edu.ar\/sitio2025\/wp-content\/uploads\/2025\/11\/Logo-Virgen-Nina-NUEVO-768x768.jpg 768w\" sizes=\"auto, (max-width: 789px) 100vw, 789px\" \/><\/a><\/figure>\n\n<\/td>\n\n<td class=\"kb-table-data kb-table-data245_2f3f7d-c0\">\n\n<p>JARD\u00cdN MATERNAL VIRGEN NI\u00d1A<br>Direcci\u00f3n: Charcao 214<br>C.P. 8400 &#8211; S. C. de Bariloche<br>Prov. de R\u00edo Negro<br>Mail: <a href=\"mailto:jardinmaternalvn@donboscobariloche.edu.ar\">jardinmaternalvn@donboscobariloche.edu.ar<\/a><br>Tel.: <a href=\"tel:5492944580148\">+54 9 294 458 0148<\/a><\/p>\n\n<\/td>\n<\/tr>\n<\/table><\/div>","protected":false},"excerpt":{"rendered":"","protected":false},"author":3,"featured_media":0,"parent":0,"menu_order":0,"comment_status":"closed","ping_status":"closed","template":"","meta":{"_kadence_starter_templates_imported_post":false,"_kad_post_transparent":"","_kad_post_title":"","_kad_post_layout":"","_kad_post_sidebar_id":"","_kad_post_content_style":"","_kad_post_vertical_padding":"","_kad_post_feature":"","_kad_post_feature_position":"","_kad_post_header":false,"_kad_post_footer":false,"_kad_post_classname":"","footnotes":""},"class_list":["post-245","page","type-page","status-publish","hentry"],"_links":{"self":[{"href":"https:\/\/donboscobariloche.edu.ar\/sitio2025\/wp-json\/wp\/v2\/pages\/245","targetHints":{"allow":["GET"]}}],"collection":[{"href":"https:\/\/donboscobariloche.edu.ar\/sitio2025\/wp-json\/wp\/v2\/pages"}],"about":[{"href":"https:\/\/donboscobariloche.edu.ar\/sitio2025\/wp-json\/wp\/v2\/types\/page"}],"author":[{"embeddable":true,"href":"https:\/\/donboscobariloche.edu.ar\/sitio2025\/wp-json\/wp\/v2\/users\/3"}],"replies":[{"embeddable":true,"href":"https:\/\/donboscobariloche.edu.ar\/sitio2025\/wp-json\/wp\/v2\/comments?post=245"}],"version-history":[{"count":4,"href":"https:\/\/donboscobariloche.edu.ar\/sitio2025\/wp-json\/wp\/v2\/pages\/245\/revisions"}],"predecessor-version":[{"id":401,"href":"https:\/\/donboscobariloche.edu.ar\/sitio2025\/wp-json\/wp\/v2\/pages\/245\/revisions\/401"}],"wp:attachment":[{"href":"https:\/\/donboscobariloche.edu.ar\/sitio2025\/wp-json\/wp\/v2\/media?parent=245"}],"curies":[{"name":"wp","href":"https:\/\/api.w.org\/{rel}","templated":true}]}}