{"id":246,"date":"2025-11-27T12:28:33","date_gmt":"2025-11-27T15:28:33","guid":{"rendered":"https:\/\/donboscobariloche.edu.ar\/sitio2025\/?page_id=246"},"modified":"2026-02-20T14:33:11","modified_gmt":"2026-02-20T17:33:11","slug":"tutoriales","status":"publish","type":"page","link":"https:\/\/donboscobariloche.edu.ar\/sitio2025\/tutoriales\/","title":{"rendered":"TUTORIALES"},"content":{"rendered":"<style>.kb-row-layout-id246_882a37-e6 > .kt-row-column-wrap{align-content:start;}:where(.kb-row-layout-id246_882a37-e6 > .kt-row-column-wrap) > .wp-block-kadence-column{justify-content:start;}.kb-row-layout-id246_882a37-e6 > .kt-row-column-wrap{column-gap:var(--global-kb-gap-md, 2rem);row-gap:var(--global-kb-gap-md, 2rem);padding-top:var(--global-kb-spacing-sm, 1.5rem);padding-bottom:var(--global-kb-spacing-sm, 1.5rem);grid-template-columns:minmax(0, 1fr);}.kb-row-layout-id246_882a37-e6 > .kt-row-layout-overlay{opacity:0.30;}@media all and (max-width: 1024px){.kb-row-layout-id246_882a37-e6 > .kt-row-column-wrap{grid-template-columns:minmax(0, 1fr);}}@media all and (max-width: 767px){.kb-row-layout-id246_882a37-e6 > .kt-row-column-wrap{grid-template-columns:minmax(0, 1fr);}}<\/style><div class=\"kb-row-layout-wrap kb-row-layout-id246_882a37-e6 alignnone wp-block-kadence-rowlayout\"><div class=\"kt-row-column-wrap kt-has-1-columns kt-row-layout-equal kt-tab-layout-inherit kt-mobile-layout-row kt-row-valign-top\">\n<style>.kadence-column246_8d891c-32 > .kt-inside-inner-col,.kadence-column246_8d891c-32 > .kt-inside-inner-col:before{border-top-left-radius:0px;border-top-right-radius:0px;border-bottom-right-radius:0px;border-bottom-left-radius:0px;}.kadence-column246_8d891c-32 > .kt-inside-inner-col{column-gap:var(--global-kb-gap-sm, 1rem);}.kadence-column246_8d891c-32 > .kt-inside-inner-col{flex-direction:column;}.kadence-column246_8d891c-32 > .kt-inside-inner-col > .aligncenter{width:100%;}.kadence-column246_8d891c-32 > .kt-inside-inner-col:before{opacity:0.3;}.kadence-column246_8d891c-32{position:relative;}@media all and (max-width: 1024px){.kadence-column246_8d891c-32 > .kt-inside-inner-col{flex-direction:column;justify-content:center;}}@media all and (max-width: 767px){.kadence-column246_8d891c-32 > .kt-inside-inner-col{flex-direction:column;justify-content:center;}}<\/style>\n<div class=\"wp-block-kadence-column kadence-column246_8d891c-32\"><div class=\"kt-inside-inner-col\"><style>.wp-block-kadence-advancedheading.kt-adv-heading246_ac9558-32, .wp-block-kadence-advancedheading.kt-adv-heading246_ac9558-32[data-kb-block=\"kb-adv-heading246_ac9558-32\"]{font-size:var(--global-kb-font-size-lg, 2rem);font-style:normal;}.wp-block-kadence-advancedheading.kt-adv-heading246_ac9558-32 mark.kt-highlight, .wp-block-kadence-advancedheading.kt-adv-heading246_ac9558-32[data-kb-block=\"kb-adv-heading246_ac9558-32\"] mark.kt-highlight{font-style:normal;color:#f76a0c;-webkit-box-decoration-break:clone;box-decoration-break:clone;padding-top:0px;padding-right:0px;padding-bottom:0px;padding-left:0px;}.wp-block-kadence-advancedheading.kt-adv-heading246_ac9558-32 img.kb-inline-image, .wp-block-kadence-advancedheading.kt-adv-heading246_ac9558-32[data-kb-block=\"kb-adv-heading246_ac9558-32\"] img.kb-inline-image{width:150px;vertical-align:baseline;}<\/style>\n<h2 class=\"kt-adv-heading246_ac9558-32 wp-block-kadence-advancedheading\" data-kb-block=\"kb-adv-heading246_ac9558-32\">Env\u00edo de mensajes desde App Xhendra<\/h2>\n\n\n\n<figure class=\"wp-block-embed is-type-video is-provider-youtube wp-block-embed-youtube wp-embed-aspect-16-9 wp-has-aspect-ratio\"><div class=\"wp-block-embed__wrapper\">\n<iframe loading=\"lazy\" title=\"Mensajer\u00eda App Xendra - Para padres\" width=\"720\" height=\"405\" src=\"https:\/\/www.youtube.com\/embed\/K6l8xcC8t4g?feature=oembed\" frameborder=\"0\" allow=\"accelerometer; autoplay; clipboard-write; encrypted-media; gyroscope; picture-in-picture; web-share\" referrerpolicy=\"strict-origin-when-cross-origin\" allowfullscreen><\/iframe>\n<\/div><\/figure>\n<\/div><\/div>\n\n\n<style>.kadence-column246_60c4ef-84 > .kt-inside-inner-col,.kadence-column246_60c4ef-84 > .kt-inside-inner-col:before{border-top-left-radius:0px;border-top-right-radius:0px;border-bottom-right-radius:0px;border-bottom-left-radius:0px;}.kadence-column246_60c4ef-84 > .kt-inside-inner-col{column-gap:var(--global-kb-gap-sm, 1rem);}.kadence-column246_60c4ef-84 > .kt-inside-inner-col{flex-direction:column;}.kadence-column246_60c4ef-84 > .kt-inside-inner-col > .aligncenter{width:100%;}.kadence-column246_60c4ef-84 > .kt-inside-inner-col:before{opacity:0.3;}.kadence-column246_60c4ef-84{position:relative;}@media all and (max-width: 1024px){.kadence-column246_60c4ef-84 > .kt-inside-inner-col{flex-direction:column;justify-content:center;}}@media all and (max-width: 767px){.kadence-column246_60c4ef-84 > .kt-inside-inner-col{flex-direction:column;justify-content:center;}}<\/style>\n<div class=\"wp-block-kadence-column kadence-column246_60c4ef-84\"><div class=\"kt-inside-inner-col\"><style>.wp-block-kadence-advancedheading.kt-adv-heading246_41ba67-79, .wp-block-kadence-advancedheading.kt-adv-heading246_41ba67-79[data-kb-block=\"kb-adv-heading246_41ba67-79\"]{font-size:var(--global-kb-font-size-lg, 2rem);font-style:normal;}.wp-block-kadence-advancedheading.kt-adv-heading246_41ba67-79 mark.kt-highlight, .wp-block-kadence-advancedheading.kt-adv-heading246_41ba67-79[data-kb-block=\"kb-adv-heading246_41ba67-79\"] mark.kt-highlight{font-style:normal;color:#f76a0c;-webkit-box-decoration-break:clone;box-decoration-break:clone;padding-top:0px;padding-right:0px;padding-bottom:0px;padding-left:0px;}.wp-block-kadence-advancedheading.kt-adv-heading246_41ba67-79 img.kb-inline-image, .wp-block-kadence-advancedheading.kt-adv-heading246_41ba67-79[data-kb-block=\"kb-adv-heading246_41ba67-79\"] img.kb-inline-image{width:150px;vertical-align:baseline;}<\/style>\n<h2 class=\"kt-adv-heading246_41ba67-79 wp-block-kadence-advancedheading\" data-kb-block=\"kb-adv-heading246_41ba67-79\">Env\u00edo de mensajes desde Web Xhendra<\/h2>\n\n\n\n<figure class=\"wp-block-embed is-type-video is-provider-youtube wp-block-embed-youtube wp-embed-aspect-16-9 wp-has-aspect-ratio\"><div class=\"wp-block-embed__wrapper\">\n<iframe loading=\"lazy\" title=\"Env\u00edo de Mensajer\u00eda para Padres en Xhendra\" width=\"720\" height=\"405\" src=\"https:\/\/www.youtube.com\/embed\/q4ifPXLWeAU?feature=oembed\" frameborder=\"0\" allow=\"accelerometer; autoplay; clipboard-write; encrypted-media; gyroscope; picture-in-picture; web-share\" referrerpolicy=\"strict-origin-when-cross-origin\" allowfullscreen><\/iframe>\n<\/div><\/figure>\n<\/div><\/div>\n\n\n<style>.kadence-column246_962244-aa > .kt-inside-inner-col,.kadence-column246_962244-aa > .kt-inside-inner-col:before{border-top-left-radius:0px;border-top-right-radius:0px;border-bottom-right-radius:0px;border-bottom-left-radius:0px;}.kadence-column246_962244-aa > .kt-inside-inner-col{column-gap:var(--global-kb-gap-sm, 1rem);}.kadence-column246_962244-aa > .kt-inside-inner-col{flex-direction:column;}.kadence-column246_962244-aa > .kt-inside-inner-col > .aligncenter{width:100%;}.kadence-column246_962244-aa > .kt-inside-inner-col:before{opacity:0.3;}.kadence-column246_962244-aa{position:relative;}@media all and (max-width: 1024px){.kadence-column246_962244-aa > .kt-inside-inner-col{flex-direction:column;justify-content:center;}}@media all and (max-width: 767px){.kadence-column246_962244-aa > .kt-inside-inner-col{flex-direction:column;justify-content:center;}}<\/style>\n<div class=\"wp-block-kadence-column kadence-column246_962244-aa\"><div class=\"kt-inside-inner-col\"><style>.wp-block-kadence-advancedheading.kt-adv-heading246_cd5878-54, .wp-block-kadence-advancedheading.kt-adv-heading246_cd5878-54[data-kb-block=\"kb-adv-heading246_cd5878-54\"]{font-size:var(--global-kb-font-size-lg, 2rem);font-style:normal;}.wp-block-kadence-advancedheading.kt-adv-heading246_cd5878-54 mark.kt-highlight, .wp-block-kadence-advancedheading.kt-adv-heading246_cd5878-54[data-kb-block=\"kb-adv-heading246_cd5878-54\"] mark.kt-highlight{font-style:normal;color:#f76a0c;-webkit-box-decoration-break:clone;box-decoration-break:clone;padding-top:0px;padding-right:0px;padding-bottom:0px;padding-left:0px;}.wp-block-kadence-advancedheading.kt-adv-heading246_cd5878-54 img.kb-inline-image, .wp-block-kadence-advancedheading.kt-adv-heading246_cd5878-54[data-kb-block=\"kb-adv-heading246_cd5878-54\"] img.kb-inline-image{width:150px;vertical-align:baseline;}<\/style>\n<h2 class=\"kt-adv-heading246_cd5878-54 wp-block-kadence-advancedheading\" data-kb-block=\"kb-adv-heading246_cd5878-54\">Recuperar Usuario y Contrase\u00f1a Xhendra<\/h2>\n\n\n\n<figure class=\"wp-block-embed is-type-video is-provider-youtube wp-block-embed-youtube wp-embed-aspect-16-9 wp-has-aspect-ratio\"><div class=\"wp-block-embed__wrapper\">\n<iframe loading=\"lazy\" title=\"Recuperar Contrase\u00f1a y Usuario de Xhendra\" width=\"720\" height=\"405\" src=\"https:\/\/www.youtube.com\/embed\/nY_0AFRryn0?feature=oembed\" frameborder=\"0\" allow=\"accelerometer; autoplay; clipboard-write; encrypted-media; gyroscope; picture-in-picture; web-share\" referrerpolicy=\"strict-origin-when-cross-origin\" allowfullscreen><\/iframe>\n<\/div><\/figure>\n<\/div><\/div>\n\n<\/div><\/div>","protected":false},"excerpt":{"rendered":"<p>Env\u00edo de mensajes desde App Xhendra Env\u00edo de mensajes desde Web Xhendra Recuperar Usuario y Contrase\u00f1a Xhendra<\/p>\n","protected":false},"author":3,"featured_media":0,"parent":0,"menu_order":0,"comment_status":"closed","ping_status":"closed","template":"","meta":{"_kadence_starter_templates_imported_post":false,"_kad_post_transparent":"","_kad_post_title":"","_kad_post_layout":"","_kad_post_sidebar_id":"","_kad_post_content_style":"","_kad_post_vertical_padding":"","_kad_post_feature":"","_kad_post_feature_position":"","_kad_post_header":false,"_kad_post_footer":false,"_kad_post_classname":"","footnotes":""},"class_list":["post-246","page","type-page","status-publish","hentry"],"_links":{"self":[{"href":"https:\/\/donboscobariloche.edu.ar\/sitio2025\/wp-json\/wp\/v2\/pages\/246","targetHints":{"allow":["GET"]}}],"collection":[{"href":"https:\/\/donboscobariloche.edu.ar\/sitio2025\/wp-json\/wp\/v2\/pages"}],"about":[{"href":"https:\/\/donboscobariloche.edu.ar\/sitio2025\/wp-json\/wp\/v2\/types\/page"}],"author":[{"embeddable":true,"href":"https:\/\/donboscobariloche.edu.ar\/sitio2025\/wp-json\/wp\/v2\/users\/3"}],"replies":[{"embeddable":true,"href":"https:\/\/donboscobariloche.edu.ar\/sitio2025\/wp-json\/wp\/v2\/comments?post=246"}],"version-history":[{"count":4,"href":"https:\/\/donboscobariloche.edu.ar\/sitio2025\/wp-json\/wp\/v2\/pages\/246\/revisions"}],"predecessor-version":[{"id":405,"href":"https:\/\/donboscobariloche.edu.ar\/sitio2025\/wp-json\/wp\/v2\/pages\/246\/revisions\/405"}],"wp:attachment":[{"href":"https:\/\/donboscobariloche.edu.ar\/sitio2025\/wp-json\/wp\/v2\/media?parent=246"}],"curies":[{"name":"wp","href":"https:\/\/api.w.org\/{rel}","templated":true}]}}